{"id":1188,"date":"2020-08-24T09:54:08","date_gmt":"2020-08-24T09:54:08","guid":{"rendered":"https:\/\/pilmetowiec.pl\/index.php\/contact\/"},"modified":"2024-08-27T12:17:36","modified_gmt":"2024-08-27T12:17:36","slug":"awarie","status":"publish","type":"page","link":"https:\/\/pilmetowiec.pl\/index.php\/awarie\/","title":{"rendered":"Awarie"},"content":{"rendered":"\n<div class=\"wp-block-cover alignfull is-light has-parallax\" style=\"min-height:400px;aspect-ratio:unset;\"><span aria-hidden=\"true\" class=\"wp-block-cover__background has-ast-global-color-3-background-color has-background-dim\"><\/span><div class=\"wp-block-cover__image-background wp-image-1119 has-parallax\" style=\"background-position:50% 50%;background-image:url(https:\/\/pilmetowiec.pl\/wp-content\/uploads\/2020\/08\/contact-us-bg-1.jpg)\"><\/div><div class=\"wp-block-cover__inner-container is-layout-flow wp-block-cover-is-layout-flow\">\n<h1 class=\"wp-block-heading has-text-align-center has-text-color\" style=\"color:#ffffff\">Tu zg\u0142osisz awari\u0119 <br>w naszym budynku<\/h1>\n<\/div><\/div>\n\n\n\n<div class=\"inherit-container-width wp-block-group alignfull has-ast-global-color-5-background-color has-background is-layout-constrained wp-block-group-is-layout-constrained\"><div class=\"wp-block-group__inner-container\">\n<div class=\"wp-block-columns is-layout-flex wp-container-core-columns-is-layout-28f84493 wp-block-columns-is-layout-flex\">\n<div class=\"wp-block-column is-layout-flow wp-block-column-is-layout-flow\" style=\"flex-basis:42.86%\">\n<h2 class=\"wp-block-heading has-text-align-center\">Zauwa\u017cy\u0142e\u015b jaki\u015b problem we wsp\u00f3lnej cz\u0119\u015bci naszego budynku?<\/h2>\n\n\n\n<p class=\"has-ast-global-color-4-background-color has-background\">Je\u015bli co\u015b Ci\u0119 zaniepokoi\u0142o, wype\u0142nij formularz zamieszczony w dalszej cz\u0119\u015bci tej strony (mo\u017cesz klikn\u0105\u0107 tutaj).<br><br>Nie zg\u0142aszaj awarii, kt\u00f3re dotycz\u0105 Twojego mieszkania, chyba, \u017ce stwarzaj\u0105 one problem lub zagro\u017cenie tak\u017ce dla innych mieszka\u0144c\u00f3w.<br>Skorzystaj raczej z pomocy fachowej firmy albo <a href=\"https:\/\/pilmetowiec.pl\/index.php\/telefony-alarmowe\/\" data-type=\"page\" data-id=\"1186\"><mark style=\"background-color:var(--ast-global-color-8)\" class=\"has-inline-color\"> podanych tutaj telefon\u00f3w alarmowych.<\/mark><\/a><\/p>\n<\/div>\n\n\n\n<div class=\"wp-block-column is-layout-flow wp-block-column-is-layout-flow\" style=\"flex-basis:57.14%\">\n<figure class=\"wp-block-image alignright size-full\"><img loading=\"lazy\" decoding=\"async\" width=\"640\" height=\"480\" src=\"https:\/\/pilmetowiec.pl\/wp-content\/uploads\/2022\/08\/44_s1-1.jpg\" alt=\"\" class=\"wp-image-1901\" srcset=\"https:\/\/pilmetowiec.pl\/wp-content\/uploads\/2022\/08\/44_s1-1.jpg 640w, https:\/\/pilmetowiec.pl\/wp-content\/uploads\/2022\/08\/44_s1-1-300x225.jpg 300w\" sizes=\"auto, (max-width: 640px) 100vw, 640px\" \/><\/figure>\n<\/div>\n<\/div>\n<\/div><\/div>\n\n\n\n<div class=\"inherit-container-width wp-block-group is-layout-constrained wp-container-core-group-is-layout-c9e126e2 wp-block-group-is-layout-constrained\" style=\"padding-top:10px;padding-right:50px;padding-bottom:10px;padding-left:50px\"><div class=\"wp-block-group__inner-container\">\n<p class=\"has-vivid-red-color has-text-color has-small-font-size\"><strong>*) gwiazdk\u0105 oznaczono pola kt\u00f3rych wype\u0142nienie jest niezb\u0119dne<\/strong><\/p>\n\n\n\n<div class=\"wp-block-uagb-forms uagb-forms__outer-wrap uagb-block-523f6004 uagb-forms__medium-btn\"><form class=\"uagb-forms-main-form\" method=\"post\" autocomplete=\"on\" name=\"uagb-form-523f6004\">\n<div class=\"wp-block-uagb-forms-name uagb-forms-name-wrap uagb-forms-field-set uagb-block-13e2740b\"><div class=\"uagb-forms-name-label required uagb-forms-input-label\" id=\"13e2740b\"><strong>Imi\u0119<\/strong><\/div><input type=\"text\" placeholder=\"Imi\u0119\" required class=\"uagb-forms-name-input uagb-forms-input\" name=\"13e2740b\" autocomplete=\"name\"\/><\/div>\n\n\n\n<div class=\"wp-block-uagb-forms-name uagb-forms-name-wrap uagb-forms-field-set uagb-block-7521008b\"><div class=\"uagb-forms-name-label required uagb-forms-input-label\" id=\"7521008b\"><strong>Nazwisko<\/strong><\/div><input type=\"text\" placeholder=\"Nazwisko\" required class=\"uagb-forms-name-input uagb-forms-input\" name=\"7521008b\" autocomplete=\"name\"\/><\/div>\n\n\n\n<div class=\"wp-block-uagb-forms-name uagb-forms-name-wrap uagb-forms-field-set uagb-block-528a4c12\"><div class=\"uagb-forms-name-label required uagb-forms-input-label\" id=\"528a4c12\"><strong>Numer telefonu<\/strong><\/div><input type=\"text\" placeholder=\"Numer telefonu\" required class=\"uagb-forms-name-input uagb-forms-input\" name=\"528a4c12\" autocomplete=\"name\"\/><\/div>\n\n\n\n<div class=\"wp-block-uagb-forms-email uagb-forms-email-wrap uagb-forms-field-set uagb-block-fbf3ba10\"><div class=\"uagb-forms-email-label  uagb-forms-input-label\" id=\"fbf3ba10\"><strong>Adres e-mail<\/strong><\/div><input type=\"email\" class=\"uagb-forms-email-input uagb-forms-input\" placeholder=\"przyklad@poczta.com\" name=\"fbf3ba10\"\/><\/div>\n\n\n\n<div class=\"wp-block-uagb-forms-textarea uagb-forms-textarea-wrap uagb-forms-field-set uagb-block-4b3e466b\"><div class=\"uagb-forms-textarea-label required uagb-forms-input-label\" id=\"4b3e466b\"><strong>Wiadomo\u015b\u0107<\/strong><\/div><textarea required class=\"uagb-forms-textarea-input uagb-forms-input\" rows=\"6\" placeholder=\"Tutaj wprowad\u017a tre\u015b\u0107 wiadomo\u015bci\" name=\"4b3e466b\" autocomplete=\"off\"><\/textarea><\/div>\n<div class=\"uagb-forms-form-hidden-data\"><input type=\"hidden\" class=\"uagb_forms_form_label\" value=\"UAG Form\"\/><input type=\"hidden\" class=\"uagb_forms_form_id\" value=\"uagb-form-523f6004\"\/><\/div><div class=\"uagb-form-reacaptcha-error-523f6004\"><\/div><div class=\"uagb-forms-main-submit-button-wrap wp-block-button\"><button class=\"uagb-forms-main-submit-button wp-block-button__link\"><div class=\"uagb-forms-main-submit-button-text\">Wy\u015blij<\/div><\/button><\/div><\/form><div class=\"uagb-forms-success-message-523f6004 uagb-forms-submit-message-hide\"><span>Wiadomo\u015b\u0107 zosta\u0142a wys\u0142ana. Dzi\u0119kujemy!<\/span><\/div><div class=\"uagb-forms-failed-message-523f6004 uagb-forms-submit-message-hide\"><span>Podczas wysy\u0142ania wiadomo\u015bci wyst\u0105pi\u0142 b\u0142\u0105d. Prosz\u0119 sprawdzi\u0107 poprawno\u015b\u0107 wprowadzonych danych.<\/span><\/div><\/div>\n<\/div><\/div>\n","protected":false},"excerpt":{"rendered":"<p>Zauwa\u017cy\u0142e\u015b jaki\u015b problem we wsp\u00f3lnej cz\u0119\u015bci naszego budynku? Je\u015bli co\u015b Ci\u0119 zaniepokoi\u0142o, wype\u0142nij formularz zamieszczony w dalszej cz\u0119\u015bci tej strony (mo\u017cesz klikn\u0105\u0107 tutaj). Nie zg\u0142aszaj awarii, kt\u00f3re dotycz\u0105 Twojego mieszkania, chyba, \u017ce stwarzaj\u0105 one problem lub zagro\u017cenie tak\u017ce dla innych mieszka\u0144c\u00f3w.Skorzystaj raczej z pomocy fachowej firmy albo podanych tutaj telefon\u00f3w alarmowych. *) gwiazdk\u0105 oznaczono pola [&hellip;]<\/p>\n","protected":false},"author":3,"featured_media":0,"parent":0,"menu_order":0,"comment_status":"closed","ping_status":"closed","template":"","meta":{"_uag_custom_page_level_css":"","site-sidebar-layout":"no-sidebar","site-content-layout":"plain-container","ast-site-content-layout":"normal-width-container","site-content-style":"unboxed","site-sidebar-style":"unboxed","ast-global-header-display":"","ast-banner-title-visibility":"","ast-main-header-display":"","ast-hfb-above-header-display":"","ast-hfb-below-header-display":"","ast-hfb-mobile-header-display":"","site-post-title":"disabled","ast-breadcrumbs-content":"","ast-featured-img":"disabled","footer-sml-layout":"","ast-disable-related-posts":"","theme-transparent-header-meta":"enabled","adv-header-id-meta":"","stick-header-meta":"","header-above-stick-meta":"","header-main-stick-meta":"","header-below-stick-meta":"","astra-migrate-meta-layouts":"set","ast-page-background-enabled":"default","ast-page-background-meta":{"desktop":{"background-color":"","background-image":"","background-repeat":"repeat","background-position":"center center","background-size":"auto","background-attachment":"scroll","background-type":"","background-media":"","overlay-type":"","overlay-color":"","overlay-opacity":"","overlay-gradient":""},"tablet":{"background-color":"","background-image":"","background-repeat":"repeat","background-position":"center center","background-size":"auto","background-attachment":"scroll","background-type":"","background-media":"","overlay-type":"","overlay-color":"","overlay-opacity":"","overlay-gradient":""},"mobile":{"background-color":"","background-image":"","background-repeat":"repeat","background-position":"center center","background-size":"auto","background-attachment":"scroll","background-type":"","background-media":"","overlay-type":"","overlay-color":"","overlay-opacity":"","overlay-gradient":""}},"ast-content-background-meta":{"desktop":{"background-color":"var(--ast-global-color-5)","background-image":"","background-repeat":"repeat","background-position":"center center","background-size":"auto","background-attachment":"scroll","background-type":"","background-media":"","overlay-type":"","overlay-color":"","overlay-opacity":"","overlay-gradient":""},"tablet":{"background-color":"var(--ast-global-color-5)","background-image":"","background-repeat":"repeat","background-position":"center center","background-size":"auto","background-attachment":"scroll","background-type":"","background-media":"","overlay-type":"","overlay-color":"","overlay-opacity":"","overlay-gradient":""},"mobile":{"background-color":"var(--ast-global-color-5)","background-image":"","background-repeat":"repeat","background-position":"center center","background-size":"auto","background-attachment":"scroll","background-type":"","background-media":"","overlay-type":"","overlay-color":"","overlay-opacity":"","overlay-gradient":""}},"footnotes":""},"class_list":["post-1188","page","type-page","status-publish","hentry"],"uagb_featured_image_src":{"full":false,"thumbnail":false,"medium":false,"medium_large":false,"large":false,"1536x1536":false,"2048x2048":false},"uagb_author_info":{"display_name":"SBM Pilmetowiec","author_link":"https:\/\/pilmetowiec.pl\/index.php\/author\/administrator\/"},"uagb_comment_info":0,"uagb_excerpt":"Zauwa\u017cy\u0142e\u015b jaki\u015b problem we wsp\u00f3lnej cz\u0119\u015bci naszego budynku? Je\u015bli co\u015b Ci\u0119 zaniepokoi\u0142o, wype\u0142nij formularz zamieszczony w dalszej cz\u0119\u015bci tej strony (mo\u017cesz klikn\u0105\u0107 tutaj). Nie zg\u0142aszaj awarii, kt\u00f3re dotycz\u0105 Twojego mieszkania, chyba, \u017ce stwarzaj\u0105 one problem lub zagro\u017cenie tak\u017ce dla innych mieszka\u0144c\u00f3w.Skorzystaj raczej z pomocy fachowej firmy albo podanych tutaj telefon\u00f3w alarmowych. *) gwiazdk\u0105 oznaczono pola&hellip;","_links":{"self":[{"href":"https:\/\/pilmetowiec.pl\/index.php\/wp-json\/wp\/v2\/pages\/1188","targetHints":{"allow":["GET"]}}],"collection":[{"href":"https:\/\/pilmetowiec.pl\/index.php\/wp-json\/wp\/v2\/pages"}],"about":[{"href":"https:\/\/pilmetowiec.pl\/index.php\/wp-json\/wp\/v2\/types\/page"}],"author":[{"embeddable":true,"href":"https:\/\/pilmetowiec.pl\/index.php\/wp-json\/wp\/v2\/users\/3"}],"replies":[{"embeddable":true,"href":"https:\/\/pilmetowiec.pl\/index.php\/wp-json\/wp\/v2\/comments?post=1188"}],"version-history":[{"count":52,"href":"https:\/\/pilmetowiec.pl\/index.php\/wp-json\/wp\/v2\/pages\/1188\/revisions"}],"predecessor-version":[{"id":2097,"href":"https:\/\/pilmetowiec.pl\/index.php\/wp-json\/wp\/v2\/pages\/1188\/revisions\/2097"}],"wp:attachment":[{"href":"https:\/\/pilmetowiec.pl\/index.php\/wp-json\/wp\/v2\/media?parent=1188"}],"curies":[{"name":"wp","href":"https:\/\/api.w.org\/{rel}","templated":true}]}}