{"id":1186,"date":"2020-08-24T09:53:31","date_gmt":"2020-08-24T09:53:31","guid":{"rendered":"https:\/\/pilmetowiec.pl\/index.php\/testimonials\/"},"modified":"2024-08-27T12:17:34","modified_gmt":"2024-08-27T12:17:34","slug":"telefony-alarmowe","status":"publish","type":"page","link":"https:\/\/pilmetowiec.pl\/index.php\/telefony-alarmowe\/","title":{"rendered":"Telefony alarmowe"},"content":{"rendered":"\n<div class=\"wp-block-cover alignfull is-light has-parallax\" style=\"background-image:url(https:\/\/pilmetowiec.pl\/wp-content\/uploads\/2022\/08\/electric-electricity-building-1080585.jpg);min-height:400px;aspect-ratio:unset;\"><span aria-hidden=\"true\" class=\"wp-block-cover__background has-ast-global-color-3-background-color has-background-dim\"><\/span><div class=\"wp-block-cover__inner-container is-layout-flow wp-block-cover-is-layout-flow\">\n<h1 class=\"has-text-align-center has-text-color wp-block-heading\" style=\"color:#ffffff\">Telefony alarmowe<\/h1>\n<\/div><\/div>\n\n\n\n<div class=\"inherit-container-width wp-block-group alignfull has-ast-global-color-4-background-color has-background is-layout-constrained wp-block-group-is-layout-constrained\"><div class=\"wp-block-group__inner-container\">\n<div class=\"wp-block-columns is-layout-flex wp-container-core-columns-is-layout-28f84493 wp-block-columns-is-layout-flex\">\n<div class=\"wp-block-column is-layout-flow wp-block-column-is-layout-flow\">\n<div class=\"inherit-container-width wp-block-group has-ast-global-color-5-background-color has-background is-layout-constrained wp-block-group-is-layout-constrained\"><div class=\"wp-block-group__inner-container\">\n<div class=\"wp-block-media-text alignwide is-stacked-on-mobile\" style=\"grid-template-columns:15% auto\"><figure class=\"wp-block-media-text__media\"><img loading=\"lazy\" decoding=\"async\" width=\"512\" height=\"512\" src=\"https:\/\/pilmetowiec.pl\/wp-content\/uploads\/2022\/08\/viber-icon.png\" alt=\"\" class=\"wp-image-1994 size-full\" srcset=\"https:\/\/pilmetowiec.pl\/wp-content\/uploads\/2022\/08\/viber-icon.png 512w, https:\/\/pilmetowiec.pl\/wp-content\/uploads\/2022\/08\/viber-icon-300x300.png 300w, https:\/\/pilmetowiec.pl\/wp-content\/uploads\/2022\/08\/viber-icon-150x150.png 150w\" sizes=\"auto, (max-width: 512px) 100vw, 512px\" \/><\/figure><div class=\"wp-block-media-text__content\">\n<p class=\"has-text-align-center\">Og\u00f3lny numer alarmowy <br>Pogotowie ratunkowe<br>Stra\u017c po\u017carna<br>Policja<br>Stra\u017c miejska<br>Pogotowie gazowe<br>Pogotowie energetyczne<br>Pogotowie wodno-kanalizacyjne<br>Centrum Zarz\u0105dzania Kryzysowego <\/p>\n<\/div><\/div>\n<\/div><\/div>\n<\/div>\n\n\n\n<div class=\"wp-block-column is-layout-flow wp-block-column-is-layout-flow\">\n<div class=\"inherit-container-width wp-block-group has-ast-global-color-5-background-color has-background is-layout-constrained wp-block-group-is-layout-constrained\"><div class=\"wp-block-group__inner-container\">\n<p class=\"has-text-align-center\">112<br>999<br>998<br>997<br>986<br>992<br>991<br>994<br>71 340 70 55<\/p>\n<\/div><\/div>\n<\/div>\n<\/div>\n<\/div><\/div>\n\n\n\n<div class=\"wp-block-cover alignfull is-light has-parallax\" style=\"background-image:url(https:\/\/pilmetowiec.pl\/wp-content\/uploads\/2020\/08\/black-pendant-lamps-in-white-building-1381782.jpg);min-height:400px;aspect-ratio:unset;\"><span aria-hidden=\"true\" class=\"wp-block-cover__background has-background-dim wp-block-cover__gradient-background has-background-gradient\" style=\"background:linear-gradient(180deg,rgb(249,250,250) 6%,rgba(249,250,250,0) 100%)\"><\/span><div class=\"wp-block-cover__inner-container is-layout-flow wp-block-cover-is-layout-flow\">\n<p class=\"has-text-align-center has-large-font-size\"><\/p>\n<\/div><\/div>\n","protected":false},"excerpt":{"rendered":"<p>Og\u00f3lny numer alarmowy Pogotowie ratunkoweStra\u017c po\u017carnaPolicjaStra\u017c miejskaPogotowie gazowePogotowie energetycznePogotowie wodno-kanalizacyjneCentrum Zarz\u0105dzania Kryzysowego 11299999899798699299199471 340 70 55<\/p>\n","protected":false},"author":3,"featured_media":0,"parent":0,"menu_order":0,"comment_status":"closed","ping_status":"closed","template":"","meta":{"_uag_custom_page_level_css":"","site-sidebar-layout":"no-sidebar","site-content-layout":"plain-container","ast-site-content-layout":"normal-width-container","site-content-style":"unboxed","site-sidebar-style":"unboxed","ast-global-header-display":"","ast-banner-title-visibility":"","ast-main-header-display":"","ast-hfb-above-header-display":"","ast-hfb-below-header-display":"","ast-hfb-mobile-header-display":"","site-post-title":"disabled","ast-breadcrumbs-content":"","ast-featured-img":"disabled","footer-sml-layout":"","ast-disable-related-posts":"","theme-transparent-header-meta":"enabled","adv-header-id-meta":"","stick-header-meta":"","header-above-stick-meta":"","header-main-stick-meta":"","header-below-stick-meta":"","astra-migrate-meta-layouts":"set","ast-page-background-enabled":"default","ast-page-background-meta":{"desktop":{"background-color":"","background-image":"","background-repeat":"repeat","background-position":"center center","background-size":"auto","background-attachment":"scroll","background-type":"","background-media":"","overlay-type":"","overlay-color":"","overlay-opacity":"","overlay-gradient":""},"tablet":{"background-color":"","background-image":"","background-repeat":"repeat","background-position":"center center","background-size":"auto","background-attachment":"scroll","background-type":"","background-media":"","overlay-type":"","overlay-color":"","overlay-opacity":"","overlay-gradient":""},"mobile":{"background-color":"","background-image":"","background-repeat":"repeat","background-position":"center center","background-size":"auto","background-attachment":"scroll","background-type":"","background-media":"","overlay-type":"","overlay-color":"","overlay-opacity":"","overlay-gradient":""}},"ast-content-background-meta":{"desktop":{"background-color":"var(--ast-global-color-5)","background-image":"","background-repeat":"repeat","background-position":"center center","background-size":"auto","background-attachment":"scroll","background-type":"","background-media":"","overlay-type":"","overlay-color":"","overlay-opacity":"","overlay-gradient":""},"tablet":{"background-color":"var(--ast-global-color-5)","background-image":"","background-repeat":"repeat","background-position":"center center","background-size":"auto","background-attachment":"scroll","background-type":"","background-media":"","overlay-type":"","overlay-color":"","overlay-opacity":"","overlay-gradient":""},"mobile":{"background-color":"var(--ast-global-color-5)","background-image":"","background-repeat":"repeat","background-position":"center center","background-size":"auto","background-attachment":"scroll","background-type":"","background-media":"","overlay-type":"","overlay-color":"","overlay-opacity":"","overlay-gradient":""}},"footnotes":""},"class_list":["post-1186","page","type-page","status-publish","hentry"],"uagb_featured_image_src":{"full":false,"thumbnail":false,"medium":false,"medium_large":false,"large":false,"1536x1536":false,"2048x2048":false},"uagb_author_info":{"display_name":"SBM Pilmetowiec","author_link":"https:\/\/pilmetowiec.pl\/index.php\/author\/administrator\/"},"uagb_comment_info":0,"uagb_excerpt":"Og\u00f3lny numer alarmowy Pogotowie ratunkoweStra\u017c po\u017carnaPolicjaStra\u017c miejskaPogotowie gazowePogotowie energetycznePogotowie wodno-kanalizacyjneCentrum Zarz\u0105dzania Kryzysowego 11299999899798699299199471 340 70 55","_links":{"self":[{"href":"https:\/\/pilmetowiec.pl\/index.php\/wp-json\/wp\/v2\/pages\/1186","targetHints":{"allow":["GET"]}}],"collection":[{"href":"https:\/\/pilmetowiec.pl\/index.php\/wp-json\/wp\/v2\/pages"}],"about":[{"href":"https:\/\/pilmetowiec.pl\/index.php\/wp-json\/wp\/v2\/types\/page"}],"author":[{"embeddable":true,"href":"https:\/\/pilmetowiec.pl\/index.php\/wp-json\/wp\/v2\/users\/3"}],"replies":[{"embeddable":true,"href":"https:\/\/pilmetowiec.pl\/index.php\/wp-json\/wp\/v2\/comments?post=1186"}],"version-history":[{"count":21,"href":"https:\/\/pilmetowiec.pl\/index.php\/wp-json\/wp\/v2\/pages\/1186\/revisions"}],"predecessor-version":[{"id":2096,"href":"https:\/\/pilmetowiec.pl\/index.php\/wp-json\/wp\/v2\/pages\/1186\/revisions\/2096"}],"wp:attachment":[{"href":"https:\/\/pilmetowiec.pl\/index.php\/wp-json\/wp\/v2\/media?parent=1186"}],"curies":[{"name":"wp","href":"https:\/\/api.w.org\/{rel}","templated":true}]}}