{"id":1184,"date":"2020-08-24T09:52:45","date_gmt":"2020-08-24T09:52:45","guid":{"rendered":"https:\/\/pilmetowiec.pl\/index.php\/about\/"},"modified":"2024-08-27T12:17:21","modified_gmt":"2024-08-27T12:17:21","slug":"spoldzielnia","status":"publish","type":"page","link":"https:\/\/pilmetowiec.pl\/index.php\/spoldzielnia\/","title":{"rendered":"Sp\u00f3\u0142dzielnia"},"content":{"rendered":"\n<div class=\"wp-block-cover alignfull is-light has-parallax\" style=\"min-height:400px;aspect-ratio:unset;\"><span aria-hidden=\"true\" class=\"wp-block-cover__background has-ast-global-color-3-background-color has-background-dim\"><\/span><div class=\"wp-block-cover__image-background wp-image-1174 has-parallax\" style=\"background-position:50% 50%;background-image:url(https:\/\/pilmetowiec.pl\/wp-content\/uploads\/2020\/08\/about-bg.jpg)\"><\/div><div class=\"wp-block-cover__inner-container is-layout-flow wp-block-cover-is-layout-flow\">\n<h1 class=\"wp-block-heading has-text-align-center has-text-color\" style=\"color:#ffffff\">Nasza sp\u00f3\u0142dzielnia<\/h1>\n\n\n\n<h3 class=\"wp-block-heading has-text-align-center has-text-color\" style=\"color:#ffffff\">Podstawowe informacje<\/h3>\n\n\n\n<p><\/p>\n<\/div><\/div>\n\n\n\n<div class=\"inherit-container-width wp-block-group alignfull has-ast-global-color-5-background-color has-background is-layout-constrained wp-container-core-group-is-layout-1f63d157 wp-block-group-is-layout-constrained\" style=\"border-style:solid;border-width:1px;border-radius:4px\"><div class=\"wp-block-group__inner-container\">\n<h3 class=\"wp-block-heading\">Dane adresowe i rejestrowe:<\/h3>\n\n\n\n<p class=\"has-text-align-center\">SBM Pilmetowiec<br>54-134 Wroc\u0142aw, ul. Bednarska 13\/C<br>e-mail: <a rel=\"noreferrer noopener\" href=\"mailto:biuro_sbm@pilmetowiec.pl\" target=\"_blank\">biuro_sbm@pilmetowiec.pl<\/a><br>NIP: 8961000560,  KRS: 0000148280,  REGON: 930452883<\/p>\n<\/div><\/div>\n\n\n\n<div class=\"inherit-container-width wp-block-group alignfull has-ast-global-color-5-background-color has-background is-layout-constrained wp-container-core-group-is-layout-1f63d157 wp-block-group-is-layout-constrained\" style=\"border-style:solid;border-width:1px;border-radius:5px\"><div class=\"wp-block-group__inner-container\">\n<h3 class=\"wp-block-heading\">Godziny pracy biura sp\u00f3\u0142dzielni:<\/h3>\n\n\n\n<p class=\"has-text-align-center\">poniedzia\u0142ek: 18.00 &#8211; 19.00<\/p>\n<\/div><\/div>\n\n\n\n<div class=\"inherit-container-width wp-block-group alignfull has-ast-global-color-5-background-color has-background is-layout-constrained wp-container-core-group-is-layout-1f63d157 wp-block-group-is-layout-constrained\" style=\"border-style:solid;border-width:1px;border-radius:4px\"><div class=\"wp-block-group__inner-container\">\n<div class=\"wp-block-columns is-layout-flex wp-container-core-columns-is-layout-28f84493 wp-block-columns-is-layout-flex\">\n<div class=\"wp-block-column is-layout-flow wp-block-column-is-layout-flow\">\n<div class=\"wp-block-uagb-info-box uagb-block-faf1d3c0 uagb-infobox__content-wrap  uagb-infobox_cta-type-all uagb-infobox-icon-above-title uagb-infobox-image-valign-top\"><a href=\"https:\/\/pilmetowiec.pl\/Dokumenty\/Statut.pdf\" class=\"uagb-infobox-link-wrap uagb-infbox__link-to-all\" target=\"_blank\" aria-label=\"Infobox Link\" rel=\"noopener noreferrer\" onclick=\"return true;\"><\/a><div class=\"uagb-ifb-content\"><div class=\"uagb-ifb-image-content\"><img decoding=\"async\" src=\"https:\/\/pilmetowiec.pl\/wp-content\/uploads\/2022\/09\/Npi-1-150x150.png\" alt=\"\" width=\"120\" height=\"120\" loading=\"lazy\"\/><\/div><div class=\"uagb-ifb-title-wrap\"><h3 class=\"uagb-ifb-title\"><br><a href=\"https:\/\/pilmetowiec.pl\/Dokumenty\/Statut.pdf\" target=\"_blank\" rel=\"noreferrer noopener\">Statut Sp\u00f3\u0142dzielni<\/a><\/h3><\/div><div class=\"uagb-ifb-button-wrapper wp-block-button\"><\/div><\/div><\/div>\n<\/div>\n\n\n\n<div class=\"wp-block-column is-layout-flow wp-block-column-is-layout-flow\">\n<div class=\"wp-block-uagb-info-box uagb-block-c16da2b6 uagb-infobox__content-wrap  uagb-infobox_cta-type-all uagb-infobox-icon-above-title uagb-infobox-image-valign-top\"><a href=\"https:\/\/pilmetowiec.pl\/Dokumenty\/Regulamin.pdf\" class=\"uagb-infobox-link-wrap uagb-infbox__link-to-all\" target=\"_blank\" aria-label=\"Infobox Link\" rel=\"noopener noreferrer\" onclick=\"return true;\"><\/a><div class=\"uagb-ifb-content\"><div class=\"uagb-ifb-image-content\"><img decoding=\"async\" src=\"https:\/\/pilmetowiec.pl\/wp-content\/uploads\/2022\/09\/Mcn-150x150.png\" alt=\"\" width=\"120\" height=\"120\" loading=\"lazy\"\/><\/div><div class=\"uagb-ifb-title-wrap\"><h3 class=\"uagb-ifb-title\"><br><a href=\"https:\/\/pilmetowiec.pl\/Dokumenty\/Regulamin.pdf\" target=\"_blank\" rel=\"noreferrer noopener\">Regulamin Porz\u0105dkowy<\/a><\/h3><\/div><div class=\"uagb-ifb-button-wrapper wp-block-button\"><\/div><\/div><\/div>\n<\/div>\n<\/div>\n<\/div><\/div>\n\n\n\n<div class=\"inherit-container-width wp-block-group alignfull has-ast-global-color-5-background-color has-background is-layout-constrained wp-container-core-group-is-layout-1f63d157 wp-block-group-is-layout-constrained\" style=\"border-style:solid;border-width:1px;border-radius:5px\"><div class=\"wp-block-group__inner-container\">\n<h3 class=\"wp-block-heading\">W\u0142adze SBM Pilmetowiec:<\/h3>\n\n\n\n<h4 class=\"wp-block-heading\">Zarz\u0105d:<\/h4>\n\n\n\n<div class=\"wp-block-columns is-layout-flex wp-container-core-columns-is-layout-28f84493 wp-block-columns-is-layout-flex\" style=\"border-style:dotted;border-width:1px\">\n<div class=\"wp-block-column is-layout-flow wp-block-column-is-layout-flow\">\n<p class=\"has-text-align-center\">Prezes Zarz\u0105du Sp\u00f3\u0142dzielni:<br>Wiceprezes Zarz\u0105du Sp\u00f3\u0142dzielni:<\/p>\n<\/div>\n\n\n\n<div class=\"wp-block-column is-layout-flow wp-block-column-is-layout-flow\">\n<p class=\"has-text-align-center\">Bogus\u0142aw Jurgielewicz<br>Ma\u0142gorzata Figura<\/p>\n<\/div>\n\n\n\n<div class=\"wp-block-column is-layout-flow wp-block-column-is-layout-flow\">\n<p class=\"has-text-align-center\">tel. 607 892 483<br>tel. 606 676 215<\/p>\n<\/div>\n<\/div>\n\n\n\n<h4 class=\"wp-block-heading\">Rada nadzorcza:<\/h4>\n\n\n\n<div class=\"wp-block-columns is-layout-flex wp-container-core-columns-is-layout-28f84493 wp-block-columns-is-layout-flex\" style=\"border-style:dotted;border-width:1px\">\n<div class=\"wp-block-column is-layout-flow wp-block-column-is-layout-flow\"><\/div>\n\n\n\n<div class=\"wp-block-column is-layout-flow wp-block-column-is-layout-flow\">\n<p class=\"has-text-align-center\">Piotr Jedynak<br>Stanis\u0142aw Fejcher<br>Jolanta Kurek<\/p>\n<\/div>\n\n\n\n<div class=\"wp-block-column is-layout-flow wp-block-column-is-layout-flow\">\n<p><\/p>\n<\/div>\n<\/div>\n<\/div><\/div>\n\n\n\n<p> .<\/p>\n","protected":false},"excerpt":{"rendered":"<p>Dane adresowe i rejestrowe: SBM Pilmetowiec54-134 Wroc\u0142aw, ul. Bednarska 13\/Ce-mail: biuro_sbm@pilmetowiec.plNIP: 8961000560, KRS: 0000148280, REGON: 930452883 Godziny pracy biura sp\u00f3\u0142dzielni: poniedzia\u0142ek: 18.00 &#8211; 19.00 W\u0142adze SBM Pilmetowiec: Zarz\u0105d: Prezes Zarz\u0105du Sp\u00f3\u0142dzielni:Wiceprezes Zarz\u0105du Sp\u00f3\u0142dzielni: Bogus\u0142aw JurgielewiczMa\u0142gorzata Figura tel. 607 892 483tel. 606 676 215 Rada nadzorcza: Piotr JedynakStanis\u0142aw FejcherJolanta Kurek .<\/p>\n","protected":false},"author":3,"featured_media":0,"parent":0,"menu_order":0,"comment_status":"closed","ping_status":"closed","template":"","meta":{"_uag_custom_page_level_css":"","site-sidebar-layout":"no-sidebar","site-content-layout":"plain-container","ast-site-content-layout":"normal-width-container","site-content-style":"unboxed","site-sidebar-style":"unboxed","ast-global-header-display":"","ast-banner-title-visibility":"","ast-main-header-display":"","ast-hfb-above-header-display":"","ast-hfb-below-header-display":"","ast-hfb-mobile-header-display":"","site-post-title":"disabled","ast-breadcrumbs-content":"","ast-featured-img":"disabled","footer-sml-layout":"","ast-disable-related-posts":"","theme-transparent-header-meta":"enabled","adv-header-id-meta":"","stick-header-meta":"","header-above-stick-meta":"","header-main-stick-meta":"","header-below-stick-meta":"","astra-migrate-meta-layouts":"set","ast-page-background-enabled":"default","ast-page-background-meta":{"desktop":{"background-color":"","background-image":"","background-repeat":"repeat","background-position":"center center","background-size":"auto","background-attachment":"scroll","background-type":"","background-media":"","overlay-type":"","overlay-color":"","overlay-opacity":"","overlay-gradient":""},"tablet":{"background-color":"","background-image":"","background-repeat":"repeat","background-position":"center center","background-size":"auto","background-attachment":"scroll","background-type":"","background-media":"","overlay-type":"","overlay-color":"","overlay-opacity":"","overlay-gradient":""},"mobile":{"background-color":"","background-image":"","background-repeat":"repeat","background-position":"center center","background-size":"auto","background-attachment":"scroll","background-type":"","background-media":"","overlay-type":"","overlay-color":"","overlay-opacity":"","overlay-gradient":""}},"ast-content-background-meta":{"desktop":{"background-color":"var(--ast-global-color-5)","background-image":"","background-repeat":"repeat","background-position":"center center","background-size":"auto","background-attachment":"scroll","background-type":"","background-media":"","overlay-type":"","overlay-color":"","overlay-opacity":"","overlay-gradient":""},"tablet":{"background-color":"var(--ast-global-color-5)","background-image":"","background-repeat":"repeat","background-position":"center center","background-size":"auto","background-attachment":"scroll","background-type":"","background-media":"","overlay-type":"","overlay-color":"","overlay-opacity":"","overlay-gradient":""},"mobile":{"background-color":"var(--ast-global-color-5)","background-image":"","background-repeat":"repeat","background-position":"center center","background-size":"auto","background-attachment":"scroll","background-type":"","background-media":"","overlay-type":"","overlay-color":"","overlay-opacity":"","overlay-gradient":""}},"footnotes":""},"class_list":["post-1184","page","type-page","status-publish","hentry"],"uagb_featured_image_src":{"full":false,"thumbnail":false,"medium":false,"medium_large":false,"large":false,"1536x1536":false,"2048x2048":false},"uagb_author_info":{"display_name":"SBM Pilmetowiec","author_link":"https:\/\/pilmetowiec.pl\/index.php\/author\/administrator\/"},"uagb_comment_info":0,"uagb_excerpt":"Dane adresowe i rejestrowe: SBM Pilmetowiec54-134 Wroc\u0142aw, ul. Bednarska 13\/Ce-mail: biuro_sbm@pilmetowiec.plNIP: 8961000560, KRS: 0000148280, REGON: 930452883 Godziny pracy biura sp\u00f3\u0142dzielni: poniedzia\u0142ek: 18.00 &#8211; 19.00 W\u0142adze SBM Pilmetowiec: Zarz\u0105d: Prezes Zarz\u0105du Sp\u00f3\u0142dzielni:Wiceprezes Zarz\u0105du Sp\u00f3\u0142dzielni: Bogus\u0142aw JurgielewiczMa\u0142gorzata Figura tel. 607 892 483tel. 606 676 215 Rada nadzorcza: Piotr JedynakStanis\u0142aw FejcherJolanta Kurek .","_links":{"self":[{"href":"https:\/\/pilmetowiec.pl\/index.php\/wp-json\/wp\/v2\/pages\/1184","targetHints":{"allow":["GET"]}}],"collection":[{"href":"https:\/\/pilmetowiec.pl\/index.php\/wp-json\/wp\/v2\/pages"}],"about":[{"href":"https:\/\/pilmetowiec.pl\/index.php\/wp-json\/wp\/v2\/types\/page"}],"author":[{"embeddable":true,"href":"https:\/\/pilmetowiec.pl\/index.php\/wp-json\/wp\/v2\/users\/3"}],"replies":[{"embeddable":true,"href":"https:\/\/pilmetowiec.pl\/index.php\/wp-json\/wp\/v2\/comments?post=1184"}],"version-history":[{"count":41,"href":"https:\/\/pilmetowiec.pl\/index.php\/wp-json\/wp\/v2\/pages\/1184\/revisions"}],"predecessor-version":[{"id":2095,"href":"https:\/\/pilmetowiec.pl\/index.php\/wp-json\/wp\/v2\/pages\/1184\/revisions\/2095"}],"wp:attachment":[{"href":"https:\/\/pilmetowiec.pl\/index.php\/wp-json\/wp\/v2\/media?parent=1184"}],"curies":[{"name":"wp","href":"https:\/\/api.w.org\/{rel}","templated":true}]}}